{"id":9297,"date":"2026-02-03T22:29:08","date_gmt":"2026-02-03T13:29:32","guid":{"rendered":"https:\/\/www.ccs.otsuma.ac.jp\/calliope\/?page_id=9297"},"modified":"2026-02-04T19:01:58","modified_gmt":"2026-02-04T10:01:58","slug":"lec_about1","status":"publish","type":"page","link":"https:\/\/www.ccs.otsuma.ac.jp\/calliope\/num15\/lec_about1\/","title":{"rendered":"\u7279\u5225\u8b1b\u7fa9\u8981\u65e81"},"content":{"rendered":"<h3>\u30d5\u30e9\u30f3\u30b9\u8a9e\u6559\u80b2\u306b\u304a\u3051\u308b\u6f2b\u624d\u3092\u6d3b\u7528\u3057\u305f\u6388\u696d\u5b9f\u8df5\u306b\u3064\u3044\u3066<\/h3>\r\n<h4>\u30d5\u30e9\u30f3\u30dd\u30cd\u30fb\u30de\u30cc\u30fc\u5cf6\u5ca1<\/h4>\r\n<p>\r\n    <b>\u3010\u5b9f\u65bd\u6982\u8981\u3011<\/b><br>\r\n\u5b9f\u65bd\u65e5\u6642\uff1a \u4ee4\u548c7\u5e746\u670825\u65e5\uff08\u6c34\uff093\u9650\u76ee\uff0813:00\u301c14:30\uff09<br>\u5b9f\u65bd\u5834\u6240\uff1a \u5927\u59bb\u5973\u5b50\u5927\u5b66 G\u68df 423\u6559\u5ba4<br>\u5bfe\u8c61\u6388\u696d\uff1a \u6bd4\u8f03\u6587\u5316\u5b66\u90e8 \u30d5\u30e9\u30f3\u30b9\u8a9eIII\uff08\u5927\u6bd41AB\uff09<br>\u5bfe\u8c61\u5b66\u751f\uff1a \u6bd4\u8f03\u6587\u5316\u5b66\u79d1 1\u5e74AB\u30af\u30e9\u30b9 25\u540d\uff08\u30d5\u30e9\u30f3\u30b9\u8a9e\u5b66\u7fd2\u6b742\u304b\u6708\uff09<br>\r\n\u5916\u90e8\u8b1b\u5e2b\u7d39\u4ecb<br>\r\n\u304a\u7b11\u3044\u30b3\u30f3\u30d3\u300c\u30d5\u30e9\u30f3\u30dd\u30cd\u300d<br>\r\n\u30fb\u30de\u30cc\u30fc\u5cf6\u5ca1\uff1a\u5409\u672c\u8208\u696d\u6240\u5c5e\u82b8\u4eba\u3001\u6587\u5316\u5916\u4ea4\u3092\u7b11\u3044\u3067\u5b9f\u8df5\u3059\u308b\u8a00\u8a9e\u6559\u80b2\u5b9f\u8df5\u5bb6<br>\r\n\u30fb\u30b7\u30e9\u3061\u3083\u3093\uff1a\u30b9\u30a4\u30b9\u9023\u90a6\u51fa\u8eab\u3001\u65e5\u672c\u8a9e\u30fb\u30d5\u30e9\u30f3\u30b9\u8a9e\u30fb\u6f2b\u624d\u306e\u4e09\u5200\u6d41\u3092\u64cd\u308b\u56fd\u969b\u7684\u30d1\u30d5\u30a9\u30fc\u30de\u30fc<br>\r\n\u4e21\u540d\u306f\u56fd\u969b\u592b\u5a66\u6f2b\u624d\u30b3\u30f3\u30d3\u3068\u3057\u3066\u3001\u8a00\u8a9e\u3068\u6587\u5316\u306e\u67b6\u3051\u6a4b\u3092\u7b11\u3044\u3092\u901a\u3058\u3066\u5b9f\u73fe\u3059\u308b\u6d3b\u52d5\u3092\u5c55\u958b\u3057\u3066\u3044\u308b\u3002\r\n<\/p>\r\n<p>\r\n    <b>\u3010\u6388\u696d\u5185\u5bb9\u8a73\u7d30\u3011<\/b><br>\r\n\u524d\u534a\uff1a\u6587\u5316\u6bd4\u8f03\u3092\u901a\u3058\u305f\u8a00\u8a9e\u7406\u89e3\uff0830\u5206\uff09<br>\r\n\u6f2b\u624d\u306e\u30c7\u30e2\u30f3\u30b9\u30c8\u30ec\u30fc\u30b7\u30e7\u30f3\u3092\u901a\u3058\u3066\u3001\u65e5\u4ecf\u306e\u7b11\u3044\u306e\u6587\u5316\u7684\u5dee\u7570\u3092\u4f53\u9a13\u7684\u306b\u5b66\u7fd2\u3002\u300c\u30dc\u30b1\u300d\u300c\u30c4\u30c3\u30b3\u30df\u300d\u306e\u6982\u5ff5\u3092\u30d5\u30e9\u30f3\u30b9\u8a9e\u6587\u5316\u306b\u9069\u7528\u3057\u3001\u8a00\u8a9e\u5b66\u7fd2\u306b\u304a\u3051\u308b\u6587\u5316\u7684\u30b3\u30f3\u30c6\u30af\u30b9\u30c8\u306e\u91cd\u8981\u6027\u3092\u5b9f\u611f\u3055\u305b\u305f\u3002<br>\r\n\u5f8c\u534a\uff1a\u5b66\u751f\u306b\u3088\u308b\u5b9f\u8df5\u6f14\u7fd2\uff0860\u5206\uff09<br>\r\n\u5b66\u751f\u30924\u301c5\u540d\u306e\u30b0\u30eb\u30fc\u30d7\u306b\u5206\u3051\u3001\u30d5\u30e9\u30f3\u30b9\u8a9e\u306b\u3088\u308b\u6f2b\u624d\u30cd\u30bf\u306e\u5275\u4f5c\u30fb\u767a\u8868\u3092\u5b9f\u65bd\u3002\u5404\u30b0\u30eb\u30fc\u30d7\u304c\u72ec\u5275\u7684\u306a\u30b3\u30f3\u30d3\u540d\uff08\u300cSushi de Tomate\u300d\u300cAya Bakamura\u300d\u300cB\u00e9b\u00e8re et S\u00e9raphine\u300d\u7b49\uff09\u3092\u8003\u6848\u3057\u3001\u821e\u53f0\u3067\u306e\u5b9f\u6f14\u3092\u884c\u3063\u305f\u3002\r\n<\/p>\r\n<p>\r\n    <b>\u3010\u6559\u80b2\u7684\u6210\u679c\u3011<\/b><br>\r\n\u7b11\u3044\u3068\u3044\u3046\u666e\u904d\u7684\u8981\u7d20\u3092\u901a\u3058\u3066\u3001\u6587\u5316\u306e\u9055\u3044\u3092\u80af\u5b9a\u7684\u306b\u53d7\u5bb9\u3059\u308b\u59ff\u52e2\u3092\u4fc3\u3057\u305f\u3002\u7b11\u3044\u3092\u901a\u3058\u3066\u3001\u8a00\u8a9e\u5b66\u7fd2\u306b\u304a\u3051\u308b\u6587\u5316\u7684\u80cc\u666f\u306e\u7406\u89e3\u304c\u4fc3\u9032\u3055\u308c\u305f\u3002<br>\r\n\u300c\u7b11\u308f\u305b\u305f\u300d\u6210\u529f\u4f53\u9a13\u306b\u3088\u308a\u3001\u7279\u306b\u6d88\u6975\u7684\u3060\u3063\u305f\u5b66\u751f\u306b\u3082\u9855\u8457\u306a\u81ea\u4fe1\u306e\u5411\u4e0a\u304c\u898b\u3089\u308c\u3001\u4eca\u5f8c\u306e\u5b66\u7fd2\u610f\u6b32\u3092\u5f15\u304d\u51fa\u3059\u3053\u3068\u304c\u3067\u304d\u305f\u3089\u5e78\u3044\u3067\u3042\u308b\u3002<br>\r\n\u591a\u69d8\u6027\u3068\u5275\u9020\u6027\u3092\u7b11\u3044\u306e\u4e2d\u306b\u898b\u51fa\u3057\u3001\u7570\u6587\u5316\u9593\u306e\u76f8\u4e92\u7406\u89e3\u3068\u5171\u751f\u611f\u899a\u306e\u80b2\u6210\u306b\u5bc4\u4e0e\u3059\u308b\u6559\u80b2\u30e2\u30c7\u30eb\u3092\u63d0\u793a\u3057\u305f\u3002\r\n<\/p>\r\n<p><b>\u3010\u5b66\u751f\u304b\u3089\u306e\u8a55\u4fa1\uff08\u629c\u7c8b\uff09\u3011<\/b><br>\r\n    \u30fb\u300c\u7b11\u3044\u306a\u304c\u3089\u81ea\u7136\u306b\u6587\u6cd5\u304c\u8eab\u306b\u3064\u304d\u3001\u6697\u8a18\u3067\u306f\u306a\u3044\u5b66\u7fd2\u3092\u4f53\u9a13\u3067\u304d\u305f\u300d<br>\r\n    \u30fb\u300c\u76f8\u624b\u3092\u7b11\u308f\u305b\u308b\u305f\u3081\u306b\u76f8\u624b\u306e\u6587\u5316\u3092\u7406\u89e3\u3059\u308b\u5fc5\u8981\u6027\u3092\u5b9f\u611f\u3057\u305f\u300d<br>\r\n    \u30fb\u300c\u30d5\u30e9\u30f3\u30b9\u8a9e\u3078\u306e\u6050\u6016\u5fc3\u304c\u7121\u304f\u306a\u308a\u3001\u7a4d\u6975\u7684\u306b\u4f7f\u3044\u305f\u304f\u306a\u3063\u305f\u300d<br>\r\n    \u30fb\u300c\u8a00\u8a9e\u5b66\u7fd2\u304c\u697d\u3057\u3044\u3082\u306e\u3067\u3042\u308b\u3053\u3068\u3092\u767a\u898b\u3067\u304d\u305f\u300d<br>\r\n    \u30fb\u300c\u6587\u5316\u306e\u9055\u3044\u3092\u9762\u767d\u3044\u3082\u306e\u3068\u3057\u3066\u6349\u3048\u3089\u308c\u308b\u3088\u3046\u306b\u306a\u3063\u305f\u300d\r\n<\/p>","protected":false},"excerpt":{"rendered":"\u30d5\u30e9\u30f3\u30b9\u8a9e\u6559\u80b2\u306b\u304a\u3051\u308b\u6f2b\u624d\u3092\u6d3b\u7528\u3057\u305f\u6388\u696d\u5b9f\u8df5\u306b\u3064\u3044\u3066 \u30d5\u30e9\u30f3\u30dd\u30cd\u30fb\u30de\u30cc\u30fc\u5cf6\u5ca1 \u3010\u5b9f\u65bd\u6982\u8981\u3011 \u5b9f\u65bd\u65e5\u6642\uff1a \u4ee4\u548c7\u5e746\u670825\u65e5\uff08\u6c34\uff093\u9650\u76ee\uff0813:00\u301c14:30\uff09\u5b9f\u65bd\u5834\u6240\uff1a \u5927\u59bb\u5973\u5b50\u5927\u5b66 G\u68df 423\u6559\u5ba4\u5bfe\u8c61\u6388\u696d\uff1a \u6bd4\u8f03\u6587 [&hellip;]","protected":false},"author":1,"featured_media":0,"parent":9235,"menu_order":14,"comment_status":"closed","ping_status":"closed","template":"page_calli15.php","meta":{"footnotes":""},"class_list":["post-9297","page","type-page","status-publish","hentry"],"_links":{"self":[{"href":"https:\/\/www.ccs.otsuma.ac.jp\/calliope\/wp-json\/wp\/v2\/pages\/9297","targetHints":{"allow":["GET"]}}],"collection":[{"href":"https:\/\/www.ccs.otsuma.ac.jp\/calliope\/wp-json\/wp\/v2\/pages"}],"about":[{"href":"https:\/\/www.ccs.otsuma.ac.jp\/calliope\/wp-json\/wp\/v2\/types\/page"}],"author":[{"embeddable":true,"href":"https:\/\/www.ccs.otsuma.ac.jp\/calliope\/wp-json\/wp\/v2\/users\/1"}],"replies":[{"embeddable":true,"href":"https:\/\/www.ccs.otsuma.ac.jp\/calliope\/wp-json\/wp\/v2\/comments?post=9297"}],"version-history":[{"count":2,"href":"https:\/\/www.ccs.otsuma.ac.jp\/calliope\/wp-json\/wp\/v2\/pages\/9297\/revisions"}],"predecessor-version":[{"id":9299,"href":"https:\/\/www.ccs.otsuma.ac.jp\/calliope\/wp-json\/wp\/v2\/pages\/9297\/revisions\/9299"}],"up":[{"embeddable":true,"href":"https:\/\/www.ccs.otsuma.ac.jp\/calliope\/wp-json\/wp\/v2\/pages\/9235"}],"wp:attachment":[{"href":"https:\/\/www.ccs.otsuma.ac.jp\/calliope\/wp-json\/wp\/v2\/media?parent=9297"}],"curies":[{"name":"wp","href":"https:\/\/api.w.org\/{rel}","templated":true}]}}